{"id":185,"date":"2018-12-19T18:26:41","date_gmt":"2018-12-19T18:26:41","guid":{"rendered":"http:\/\/fcb-sesslach91.de\/?page_id=185"},"modified":"2024-07-22T19:23:27","modified_gmt":"2024-07-22T17:23:27","slug":"praesidium","status":"publish","type":"page","link":"https:\/\/fcb-sesslach91.de\/index.php\/praesidium\/","title":{"rendered":"PR\u00c4SIDIUM"},"content":{"rendered":"<table style=\"width: 546px;\">\n<tbody>\n<tr>\n<td style=\"width: 273px;\">\n<h1 class=\"page-title\" style=\"text-align: center;\">Pr\u00e4sident<\/h1>\n<p><img loading=\"lazy\" decoding=\"async\" class=\"size-medium wp-image-115 aligncenter\" src=\"https:\/\/fcb-sesslach91.de\/wp-content\/uploads\/2018\/12\/Wolfi-300x280.jpg\" alt=\"\" width=\"300\" height=\"280\" srcset=\"https:\/\/fcb-sesslach91.de\/wp-content\/uploads\/2018\/12\/Wolfi-300x280.jpg 300w, https:\/\/fcb-sesslach91.de\/wp-content\/uploads\/2018\/12\/Wolfi.jpg 600w\" sizes=\"(max-width: 300px) 100vw, 300px\" \/><\/p>\n<p style=\"text-align: center;\"><strong>Wolfgang R\u00f6\u00dfner<\/strong><\/p>\n<\/td>\n<td style=\"width: 273px;\">\n<h1 class=\"page-title\" style=\"text-align: center;\">Vizepr\u00e4sident<\/h1>\n<p><img loading=\"lazy\" decoding=\"async\" class=\"alignnone wp-image-4174 size-full\" src=\"https:\/\/fcb-sesslach91.de\/wp-content\/uploads\/2024\/07\/Godau-Nick-225x300-1.jpg\" alt=\"\" width=\"225\" height=\"300\" \/><\/p>\n<p style=\"text-align: center;\"><strong>Nick Godau<\/strong><\/p>\n<\/td>\n<\/tr>\n<tr>\n<td style=\"width: 273px;\">Karl-Franz-Str. 11<\/p>\n<p>96145 Se\u00dflach<\/p>\n<p>Tel. 0160\/94404131<\/p>\n<p>Tel.\/Fax 09569\/1576<\/p>\n<p>E-Mail:\u00a0<span id=\"cloak4948ee5b447fb4cdef028b7b594ee3af\"><a href=\"mailto:fcbfanclub.sesslach91@freenet.de\" data-slimstat=\"5\">fcbfanclub.sesslach91@freenet.de<\/a><\/span><\/p>\n<p><strong>Aufgabengebiete:<\/strong><\/p>\n<p><strong>\u2013\u00a0\u00a0\u00a0\u00a0\u00a0\u00a0\u00a0\u00a0\u00a0\u00a0S\u00e4mtlicher Schriftverkehr mit dem FC Bayern, Fanclubs, Sponsoren<\/strong><\/p>\n<p><strong>\u2013\u00a0\u00a0\u00a0\u00a0\u00a0\u00a0\u00a0\u00a0\u00a0\u00a0Neuaufnahme v. Mitgliedern (Begr\u00fc\u00dfungsschreiben)<\/strong><\/p>\n<p><strong>\u2013\u00a0\u00a0\u00a0\u00a0\u00a0\u00a0\u00a0\u00a0\u00a0\u00a0Organisation d. Busfahrten und sonstiger Veranstaltungen (u.a. Stammtische)<\/strong><\/p>\n<p><strong>\u2013\u00a0\u00a0\u00a0\u00a0\u00a0\u00a0\u00a0\u00a0\u00a0\u00a0Verantwortlich f\u00fcr die Homepage und Facebook<\/strong><\/p>\n<p><strong>\u2013\u00a0\u00a0\u00a0\u00a0\u00a0\u00a0\u00a0\u00a0\u00a0\u00a0Terminbekanntgabe im Mitteilungsblatt der Stadt Se\u00dflach<\/strong><\/td>\n<td style=\"width: 273px; vertical-align: top;\">\n<p style=\"text-align: center;\">Erlengrund 2<\/p>\n<p style=\"text-align: center;\">96479 Weitramsdorf<\/p>\n<p style=\"text-align: center;\">Tel. 0175\/2864801<\/p>\n<p style=\"text-align: center;\">E-Mail: <a href=\"mailto:nickgodau@web.de\">nickgodau@web.de<\/a><\/p>\n<p><strong>Aufgabengebiete:<\/strong><\/p>\n<p><strong>\u2013\u00a0\u00a0\u00a0\u00a0\u00a0\u00a0\u00a0\u00a0\u00a0\u00a0Vertretung des Pr\u00e4sidenten<\/strong><\/p>\n<p><strong>\u2013\u00a0\u00a0\u00a0\u00a0\u00a0\u00a0\u00a0\u00a0\u00a0\u00a0Verantwortlich f\u00fcr den Besuch anderer Fanclubs und Vereine<\/strong><\/p>\n<p><strong>\u2013\u00a0\u00a0\u00a0\u00a0\u00a0\u00a0\u00a0\u00a0\u00a0\u00a0Verantwortlich f\u00fcr Fanartikel-Bestellungen (Fanclub-Shirts, etc.)<\/strong><\/td>\n<\/tr>\n<tr>\n<td style=\"width: 273px; vertical-align: top;\">\n<h1 class=\"page-title\" style=\"text-align: center;\">Schatzmeister<\/h1>\n<p><img loading=\"lazy\" decoding=\"async\" class=\"alignleft size-medium wp-image-110\" src=\"https:\/\/fcb-sesslach91.de\/wp-content\/uploads\/2018\/12\/Markus-300x247.jpg\" alt=\"\" width=\"300\" height=\"247\" srcset=\"https:\/\/fcb-sesslach91.de\/wp-content\/uploads\/2018\/12\/Markus-300x247.jpg 300w, https:\/\/fcb-sesslach91.de\/wp-content\/uploads\/2018\/12\/Markus.jpg 600w\" sizes=\"(max-width: 300px) 100vw, 300px\" \/><\/p>\n<p><strong>Markus Kirner<\/strong><\/td>\n<td style=\"width: 273px; vertical-align: top;\">\n<h1 class=\"page-title\" style=\"text-align: center;\">Schriftf\u00fchrer<\/h1>\n<p><img loading=\"lazy\" decoding=\"async\" class=\"alignleft size-medium wp-image-113\" src=\"https:\/\/fcb-sesslach91.de\/wp-content\/uploads\/2018\/12\/Schiefer-300x266.jpg\" alt=\"\" width=\"300\" height=\"266\" srcset=\"https:\/\/fcb-sesslach91.de\/wp-content\/uploads\/2018\/12\/Schiefer-300x266.jpg 300w, https:\/\/fcb-sesslach91.de\/wp-content\/uploads\/2018\/12\/Schiefer.jpg 600w\" sizes=\"(max-width: 300px) 100vw, 300px\" \/><\/p>\n<p style=\"text-align: center;\"><strong>Stephan Falk<\/strong><\/p>\n<\/td>\n<\/tr>\n<tr>\n<td style=\"width: 273px; vertical-align: top;\">Dr.-Josef-Otto-Kolb-Str. 5<\/p>\n<div>\n<p>96145 Se\u00dflach<\/p>\n<p>Tel. 0170\/3541759<\/p>\n<p>E-Mail:\u00a0<span id=\"cloakfc1610db355e0c613fd360c686c75409\"><a href=\"mailto:dein-stempel@live.de\" data-slimstat=\"5\">dein-stempel@live.de<\/a><\/span><\/p>\n<p>&nbsp;<\/p>\n<p><strong>Aufgabengebiet:<\/strong><\/p>\n<p><strong>\u2013\u00a0\u00a0\u00a0\u00a0\u00a0\u00a0\u00a0\u00a0\u00a0\u00a0Verwaltung der kompletten Fanclub-Finanzen<\/strong><\/p>\n<p><strong>\u2013\u00a0\u00a0\u00a0\u00a0\u00a0\u00a0\u00a0\u00a0\u00a0\u00a0Beitragskassier (Beitragsrechnungen, Mahnungen, Austrittsbest\u00e4tigungen)<\/strong><\/p>\n<\/div>\n<p>&nbsp;<\/td>\n<td style=\"width: 273px; vertical-align: top;\">Poststr. 13<\/p>\n<p>96145 Se\u00dflach<\/p>\n<p>Tel. 0170\/7728738<\/p>\n<p>E-Mail\u00a0<span id=\"cloak931c1c3aae167477785c11d8a6b55bdf\"><a href=\"mailto:ST_Falk@web.de\" data-slimstat=\"5\">ST_Falk@web.de<\/a><\/span><\/p>\n<p>&nbsp;<\/p>\n<p><strong>Aufgabengebiete:<\/strong><\/p>\n<p><strong>\u2013\u00a0\u00a0\u00a0\u00a0\u00a0\u00a0\u00a0\u00a0\u00a0\u00a0Erstellung der Protokolle bei Pr\u00e4sidiumssitzungen und der Jahreshauptversammlung<\/strong><\/p>\n<p><strong>\u2013\u00a0\u00a0\u00a0\u00a0\u00a0\u00a0\u00a0\u00a0\u00a0\u00a0Ggf. Erstellung von Serienbriefen und Versand<\/strong><\/p>\n<p><strong>\u2013\u00a0\u00a0\u00a0\u00a0\u00a0\u00a0\u00a0\u00a0\u00a0\u00a0Kontrolle der Fanclub-Finanzen (speziell hinsichtlich der Jahreshauptversammlung)<\/strong><\/td>\n<\/tr>\n<tr>\n<td style=\"width: 273px; vertical-align: top;\">\n<p style=\"text-align: center;\">\n<p style=\"text-align: center;\">\n<\/td>\n<td style=\"width: 273px;\"><\/td>\n<\/tr>\n<tr>\n<td style=\"width: 273px; vertical-align: top;\">&nbsp;<\/td>\n<td style=\"width: 273px;\"><\/td>\n<\/tr>\n<\/tbody>\n<\/table>\n","protected":false},"excerpt":{"rendered":"<p>Pr\u00e4sident Wolfgang R\u00f6\u00dfner Vizepr\u00e4sident Nick Godau Karl-Franz-Str. 11 96145 Se\u00dflach Tel. 0160\/94404131 Tel.\/Fax 09569\/1576 E-Mail:\u00a0fcbfanclub.sesslach91@freenet.de Aufgabengebiete: \u2013\u00a0\u00a0\u00a0\u00a0\u00a0\u00a0\u00a0\u00a0\u00a0\u00a0S\u00e4mtlicher Schriftverkehr mit dem FC Bayern, Fanclubs, Sponsoren \u2013\u00a0\u00a0\u00a0\u00a0\u00a0\u00a0\u00a0\u00a0\u00a0\u00a0Neuaufnahme v. Mitgliedern (Begr\u00fc\u00dfungsschreiben) \u2013\u00a0\u00a0\u00a0\u00a0\u00a0\u00a0\u00a0\u00a0\u00a0\u00a0Organisation d. Busfahrten und sonstiger Veranstaltungen (u.a. Stammtische) \u2013\u00a0\u00a0\u00a0\u00a0\u00a0\u00a0\u00a0\u00a0\u00a0\u00a0Verantwortlich f\u00fcr die Homepage und Facebook \u2013\u00a0\u00a0\u00a0\u00a0\u00a0\u00a0\u00a0\u00a0\u00a0\u00a0Terminbekanntgabe im Mitteilungsblatt der Stadt Se\u00dflach Erlengrund 2<\/p>\n","protected":false},"author":1,"featured_media":0,"parent":0,"menu_order":0,"comment_status":"closed","ping_status":"closed","template":"","meta":{"footnotes":""},"categories":[8],"tags":[],"class_list":["post-185","page","type-page","status-publish","hentry","category-vostand"],"_links":{"self":[{"href":"https:\/\/fcb-sesslach91.de\/index.php\/wp-json\/wp\/v2\/pages\/185"}],"collection":[{"href":"https:\/\/fcb-sesslach91.de\/index.php\/wp-json\/wp\/v2\/pages"}],"about":[{"href":"https:\/\/fcb-sesslach91.de\/index.php\/wp-json\/wp\/v2\/types\/page"}],"author":[{"embeddable":true,"href":"https:\/\/fcb-sesslach91.de\/index.php\/wp-json\/wp\/v2\/users\/1"}],"replies":[{"embeddable":true,"href":"https:\/\/fcb-sesslach91.de\/index.php\/wp-json\/wp\/v2\/comments?post=185"}],"version-history":[{"count":9,"href":"https:\/\/fcb-sesslach91.de\/index.php\/wp-json\/wp\/v2\/pages\/185\/revisions"}],"predecessor-version":[{"id":4175,"href":"https:\/\/fcb-sesslach91.de\/index.php\/wp-json\/wp\/v2\/pages\/185\/revisions\/4175"}],"wp:attachment":[{"href":"https:\/\/fcb-sesslach91.de\/index.php\/wp-json\/wp\/v2\/media?parent=185"}],"wp:term":[{"taxonomy":"category","embeddable":true,"href":"https:\/\/fcb-sesslach91.de\/index.php\/wp-json\/wp\/v2\/categories?post=185"},{"taxonomy":"post_tag","embeddable":true,"href":"https:\/\/fcb-sesslach91.de\/index.php\/wp-json\/wp\/v2\/tags?post=185"}],"curies":[{"name":"wp","href":"https:\/\/api.w.org\/{rel}","templated":true}]}}