{"id":69,"date":"2018-12-19T05:50:04","date_gmt":"2018-12-19T05:50:04","guid":{"rendered":"http:\/\/fcb-sesslach91.de\/?page_id=69"},"modified":"2026-04-09T21:23:36","modified_gmt":"2026-04-09T19:23:36","slug":"busfahrten","status":"publish","type":"page","link":"https:\/\/fcb-sesslach91.de\/index.php\/busfahrten\/","title":{"rendered":"Busfahrten"},"content":{"rendered":"<p><strong style=\"color: #303030; font-size: 1.0625rem;\"><span style=\"font-family: arial black, sans-serif; font-size: 14px;\">Wir nehmen am Stammfahrerprogramm des FC Bayern M\u00fcnchen teil und k\u00f6nnen daher <\/span><\/strong><strong style=\"color: #303030; font-size: 1.0625rem;\"><span style=\"font-family: arial black, sans-serif; font-size: 14px;\">pro Saison mindestens 4 Busfahrten zu Heimspielen in eine gro\u00dfen Reisebus anbieten. Au\u00dferdem werden wir mit unseren Dauerkarten (Stehplatz S\u00fcd) viele weitere Heimspiele mit dem Kleinbus anfahren. Die Anmeldungen von Nichtmitgliedern ist &#8211; soweit bei der <\/span><\/strong><strong style=\"color: #303030; font-size: 1.0625rem;\"><span style=\"font-family: arial black, sans-serif; font-size: 14px;\">einzelnen Fahrt nichts anderes angegeben ist &#8211; grunds\u00e4tzlich m\u00f6glich. Fanclub-Mitglieder werden nat\u00fcrlich bei \u00dcberbuchung bevorzugt behandelt.\u00a0<\/span><\/strong><\/p>\n<p style=\"text-align: center;\"><span style=\"font-family: arial black, sans-serif; font-size: 14px;\"><em><strong>BITTE BEACHTEN:<\/strong><\/em><em><strong>\u00a0\u00a0\u00a0<\/strong><\/em>\u00a0<strong><em>Wir sind kein Ticketshop!<\/em> <\/strong>Karten gibt es immer nur in Verbindung mit der Busfahrt (d.h. man muss auch im Bus mitfahren)!<\/span><\/p>\n<p>&nbsp;<\/p>\n<p style=\"text-align: center;\"><span style=\"color: #0000ff; font-family: 'arial black', sans-serif; font-size: 24px;\"><strong><em><u>Busfahrten Saison 2025\/2026 (Stand: 09.04.2026<\/u><\/em><\/strong><\/span><span style=\"color: #0000ff; font-family: 'arial black', sans-serif; font-size: 24px;\"><strong><em><u>)<\/u><\/em><\/strong><\/span><\/p>\n<p>&nbsp;<\/p>\n<p style=\"text-align: center;\"><span style=\"font-family: 'arial black', sans-serif; color: #ff0000;\"><u>15.04.2026\u00a0\u00a0 FC Bayern \u2013 Real Madrid\u00a0 (38er-Reisebus)<\/u><\/span><\/p>\n<p style=\"text-align: center;\"><span style=\"font-family: 'arial black', sans-serif;\"><em><u>Ansto\u00df:<\/u><\/em> \u00a021 Uhr\u00a0 \u00a0\/\u00a0 \u00a0Abfahrt: 15 Uhr, Schulparkplatz<\/span><\/p>\n<p style=\"text-align: center;\"><span style=\"font-family: 'arial black', sans-serif;\"><em><u>Fahrtpreis:<\/u><\/em><em> 35,00 \u20ac (33,00 \u20ac f\u00fcr Fanclub-Mitglieder)<\/em><\/span><\/p>\n<p style=\"text-align: center;\"><span style=\"font-family: 'arial black', sans-serif;\"><em><u>Kartenpreise:<\/u><\/em>\u00a0 19,00 \u20ac Stehplatz<\/span><\/p>\n<p style=\"text-align: center;\"><span style=\"color: #0000ff; font-family: arial black, sans-serif;\">Leider haben wir f\u00fcr das Spiel eine Kartenabsage erhalten, <span style=\"font-family: 'arial black', sans-serif;\">unsere Dauerkarten sind bereits ausgebucht! Es besteht jedoch die M\u00f6glichkeit mit eigener Karte im Bus mitzufahren.<\/span><\/span><\/p>\n<p style=\"text-align: center;\"><span style=\"font-family: 'arial black', sans-serif; color: #008000;\">Derzeit sind <u>noch 3 Pl\u00e4tze ohne Karte<\/u> im Bus frei, f\u00fcr diejenigen die eine Mitfahrgelegenheit suchen. Anmeldungen bitte \u00fcber das Formular vornehmen!<\/span><\/p>\n<p>&nbsp;<\/p>\n<p>&nbsp;<\/p>\n<p style=\"text-align: center;\"><span style=\"font-family: 'arial black', sans-serif; color: #ff0000;\"><u>14.05.2026\u00a0\u00a0Pokalfinale der Frauen: FC Bayern &#8211; VfL Wolfsburg\u00a0 (38er-Reisebus)<\/u><\/span><\/p>\n<p style=\"text-align: center;\"><span style=\"font-family: 'arial black', sans-serif;\"><em><u>Ansto\u00df:<\/u><\/em>\u00a0 16 Uhr\u00a0 \u00a0\/\u00a0 \u00a0Abfahrt: 7.30 Uhr, Schulparkplatz<\/span><\/p>\n<p style=\"text-align: center;\"><span style=\"font-family: 'arial black', sans-serif;\"><em><u>Fahrtpreis:<\/u><\/em><em> 67,00 \u20ac (65,00 \u20ac f\u00fcr Fanclub-Mitglieder)<\/em><\/span><\/p>\n<p style=\"text-align: center;\"><span style=\"font-family: 'arial black', sans-serif;\"><em><u>Kartenpreise:<\/u><\/em>\u00a0 11,00 \u20ac Stehplatz. \/\u00a0 20,00 \u20ac Sitzplatz\u00a0<\/span><\/p>\n<p style=\"text-align: center;\"><span style=\"font-family: 'arial black', sans-serif; color: #008000;\">Derzeit sind <u>noch ausreichend Pl\u00e4tze mit Karte<\/u> im Bus frei. Anmeldungen bitte \u00fcber das Formular vornehmen!<\/span><\/p>\n<p>&nbsp;<\/p>\n<p>&nbsp;<\/p>\n<p style=\"text-align: center;\"><span style=\"font-family: 'arial black', sans-serif; color: #ff0000;\"><u>16.05.2026\u00a0\u00a0 FC Bayern \u2013 1. FC K\u00f6ln\u00a0 \u00a0(38er-Reisebus) &#8211; Letzter Spieltag mit vorherigen Fr\u00fchschoppen am Adlersberg<\/u><\/span><\/p>\n<p style=\"text-align: center;\"><span style=\"font-family: 'arial black', sans-serif;\"><em><u>Ansto\u00df:<\/u><\/em> \u00a015.30 Uhr \/ Abfahrt: 7.00 Uhr, Schulparkplatz<\/span><\/p>\n<p style=\"text-align: center;\"><span style=\"font-family: 'arial black', sans-serif;\"><em><u>Fahrtpreis:<\/u><\/em><em> 35,00 \u20ac (33,00 \u20ac f\u00fcr Fanclub-Mitglieder)<\/em><\/span><\/p>\n<p style=\"text-align: center;\"><span style=\"font-family: 'arial black', sans-serif;\"><em><u>Kartenpreise:<\/u><\/em>\u00a0 \u00a0F\u00fcr dieses Spiel k\u00f6nnen wir keine Karten anbieten, unsere Dauerkarten sind bereits ausgebucht! Es besteht jedoch die M\u00f6glichkeit mit eigener Karte im Bus mitzufahren.<\/span><\/p>\n<p style=\"text-align: center;\"><span style=\"text-decoration: underline;\"><span style=\"font-size: 16px;\"><a href=\"https:\/\/www.adlersberg.com\/\"><span style=\"color: #0000ff; text-decoration: underline;\"><strong><span style=\"font-family: 'arial black', sans-serif;\">Pr\u00f6sslbr\u00e4u Adlersberg<\/span><\/strong><\/span><\/a><\/span><\/span><\/p>\n<p style=\"text-align: center;\"><span style=\"font-family: 'arial black', sans-serif; color: #008000;\">Derzeit sind <u>noch 18 Pl\u00e4tze ohne Karte<\/u> im Bus frei, f\u00fcr diejenigen die eine Mitfahrgelegenheit suchen. Anmeldungen bitte \u00fcber das Formular vornehmen!<\/span><\/p>\n<p>&nbsp;<\/p>\n<p>&nbsp;<\/p>\n<p style=\"text-align: center;\"><span style=\"font-family: 'arial black', sans-serif; color: #0000ff;\"><strong>Zustieg in Ebersdorf (bei den Bundesliga-Heimspielen) nur m\u00f6glich, wenn mindestens 11 Personen dort einsteigen w\u00fcrden. Bei Champions League-Heimspielen und Pokal-Heimspielen unter der Woche kein Zustieg in Ebersdorf!!!<\/strong><\/span><\/p>\n<p>&nbsp;<\/p>\n<p style=\"text-align: center;\">_____________________________________________________________________________________<\/p>\n<p style=\"text-align: center;\"><span style=\"color: #ff0000;\"><u>Au\u00dferdem werden wir auch k\u00fcnftig immer wieder versuchen Fahrten zur Champions League, Pokal, Amateure, Frauen oder zum Basketball zu organisieren.<\/u><\/span><\/p>\n<p style=\"text-align: center;\">_________________________________________________________________________________________<\/p>\n<p>&nbsp;<\/p>\n<p style=\"text-align: center;\"><div style=\"display:none\" class=\"fm-form-container fm-theme11\"><div id=\"fm-pages6\" class=\"fm-pages wdform_page_navigation \" show_title=\"false\" show_numbers=\"false\" type=\"none\"><\/div><form name=\"form6\" action=\"\/index.php\/wp-json\/wp\/v2\/pages\/69\" method=\"post\" id=\"form6\" class=\"fm-form form6  \" enctype=\"multipart\/form-data\"><input type=\"hidden\" id=\"fm_page_id6\" value=\"69\" name=\"fm_page_id6\" \/><input type=\"hidden\" id=\"fm_current_post_type6\" value=\"page\" name=\"fm_current_post_type6\" \/><input type=\"hidden\" id=\"counter6\" value=\"25\" name=\"counter6\" \/><input type=\"hidden\" id=\"Itemid6\" value=\"\" name=\"Itemid6\" \/><input type=\"hidden\" id=\"fm_shake6\" value=\"1\" name=\"fm_shake6\" \/><input type=\"text\" class=\"fm-hide\" id=\"fm_empty_field_validation6\" value=\"\" name=\"fm_empty_field_validation6\" data-value=\"bd736efb144d599cf463541431fbf5c4\" \/><div class=\"fm-header-bg\"><div class=\"fm-header image_left_right\"><div class=\"fm-header-text\">          <div class=\"fm-header-title\">            Anmeldeformular f\u00fcr Busfahrten des FC Bayern-Fanclub          <\/div>          <div class=\"fm-header-description\">                      <\/div>        <\/div><\/div><\/div><div class=\"wdform-page-and-images fm-form-builder\" style=\"border-width: 1px;\"><div id=\"6form_view1\" class=\"wdform_page\" page_title=\"Untitled page\" next_title=\"Next\" next_type=\"text\" next_class=\"wdform-page-button\" next_checkable=\"true\" previous_title=\"Previous\" previous_type=\"text\" previous_class=\"wdform-page-button\" previous_checkable=\"false\"><div class=\"wdform_section\" style=\"position: relative; left: 0px; top: 0px;\"><div class=\"wdform_column\"><div wdid=\"2\" class=\"wdform_row\"><div type=\"type_text\" class=\"wdform-field wd-width-100 wd-flex wd-flex-column fm-type_text\" ><div class=\"wdform-label-section wd-width-100  wd-flex-row wd-align-items-center\">    <label  for=\"wdform_2_element6\" class=\"wdform-label\">Vorname<\/label><span class=\"wdform-required\">*<\/span><\/div><div class=\"wdform-element-section wd-flex  wd-flex-row wd-align-items-center wd-width-100\" ><input type=\"text\"                           class=\"wd-width-100\"                           id=\"wdform_2_element6\"                           name=\"wdform_2_element6\"                           value=\"\"                           title=\"\"                           placeholder=\"\"                                                       \/><\/div><\/div><\/div><div wdid=\"10\" class=\"wdform_row\" style=\"position: relative; left: 0px; top: 0px;\"><div type=\"type_text\" class=\"wdform-field wd-width-100 wd-flex wd-flex-column fm-type_text\" ><div class=\"wdform-label-section wd-width-100 Nachname wd-flex-row wd-align-items-center\">    <label  for=\"wdform_10_element6\" class=\"wdform-label\">Nachname<\/label><span class=\"wdform-required\">*<\/span><\/div><div class=\"wdform-element-section wd-flex Nachname wd-flex-row wd-align-items-center wd-width-100\" ><input type=\"text\"                           class=\"wd-width-100\"                           id=\"wdform_10_element6\"                           name=\"wdform_10_element6\"                           value=\"\"                           title=\"\"                           placeholder=\"\"                                                       \/><\/div><\/div><\/div><\/div><div class=\"wdform_column\"><div wdid=\"13\" class=\"wdform_row\" style=\"position: relative; left: 0px; top: 0px;\"><div type=\"type_text\" class=\"wdform-field wd-width-100 wd-flex wd-flex-column fm-type_text\" ><div class=\"wdform-label-section wd-width-100  wd-flex-row wd-align-items-center\">    <label  for=\"wdform_13_element6\" class=\"wdform-label\">PLZ \/ Ort<\/label><span class=\"wdform-required\">*<\/span><\/div><div class=\"wdform-element-section wd-flex  wd-flex-row wd-align-items-center wd-width-100\" style=\"max-width: 500px;\"><input type=\"text\"                           class=\"wd-width-100\"                           id=\"wdform_13_element6\"                           name=\"wdform_13_element6\"                           value=\"\"                           title=\"\"                           placeholder=\"\"                                                       \/><\/div><\/div><\/div><div wdid=\"11\" class=\"wdform_row\" style=\"position: relative; left: 0px; top: 0px;\"><div type=\"type_text\" class=\"wdform-field wd-width-100 wd-flex wd-flex-column fm-type_text\" ><div class=\"wdform-label-section wd-width-100  wd-flex-row wd-align-items-center\">    <label  for=\"wdform_11_element6\" class=\"wdform-label\">Stra\u00dfe<\/label><span class=\"wdform-required\">*<\/span><\/div><div class=\"wdform-element-section wd-flex  wd-flex-row wd-align-items-center wd-width-100\" ><input type=\"text\"                           class=\"wd-width-100\"                           id=\"wdform_11_element6\"                           name=\"wdform_11_element6\"                           value=\"\"                           title=\"\"                           placeholder=\"\"                                                       \/><\/div><\/div><\/div><\/div><div class=\"wdform_column\"><div wdid=\"14\" class=\"wdform_row\" style=\"position: relative; left: 0px; top: 0px;\"><div type=\"type_phone_new\" class=\"wdform-field wd-width-100 wd-flex wd-flex-row fm-type_phone_new\" ><div class=\"wdform-label-section wd-width-30 \">    <label  for=\"wdform_14_element6\" class=\"wdform-label\">Handynummer<\/label><span class=\"wdform-required\">*<\/span><\/div><div class=\"wdform-element-section wd-flex  wd-width-70\" ><input type=\"text\"                       class=\"wd-width-100\"                       id=\"wdform_14_element6\"                       name=\"wdform_14_element6\"                       value=\"\"                       placeholder=\"\"  \/><\/div><\/div><\/div><\/div><div class=\"wdform_column\"><div wdid=\"15\" class=\"wdform_row\" style=\"position: relative; left: 0px; top: 0px;\"><div type=\"type_submitter_mail\" class=\"wdform-field wd-width-100 wd-flex wd-flex-row fm-type_submitter_mail\" ><div class=\"wdform-label-section wd-width-30  wd-flex-row\">    <label  for=\"wdform_15_element6\" class=\"wdform-label\">Email<\/label><span class=\"wdform-required\">*<\/span><\/div><div class=\"wdform-element-section wd-flex  wd-flex-row wd-width-70\" ><input type=\"text\" class=\"wd-width-100\" id=\"wdform_15_element6\" name=\"wdform_15_element6\" value=\"\" title=\"\" placeholder=\"\"   onchange=\"wd_check_email('15', '6', 'Dies ist keine g\u00fcltige E-Mail-Adresse.'); wd_check_confirmation_email('15', '6', 'Die E-Mail-Adressen stimmen nicht \u00fcberein')\" \/><\/div><\/div><div type=\"type_submitter_mail\" class=\"wdform-field wd-width-100 wd-flex wd-flex-row fm-type_submitter_mail\" ><div class=\"wdform-label-section wd-width-30  wd-flex-row\">    <label  for=\"wdform_15_1_element6\" class=\"wdform-label\">Email wiederholung<\/label><span class=\"wdform-required\">*<\/span><\/div><div class=\"wdform-element-section wd-flex  wd-flex-row wd-width-70\" ><input type=\"text\" class=\"wd-width-100\" id=\"wdform_15_1_element6\" name=\"wdform_15_1_element6\" placeholder=\"\" title=\"\"   onchange=\"wd_check_confirmation_email('15', '6', 'Die E-Mail-Adressen stimmen nicht \u00fcberein')\" \/><\/div><\/div><\/div><\/div><div class=\"wdform_column\"><div wdid=\"17\" class=\"wdform_row\" style=\"position: relative; left: 0px; top: 0px;\"><div type=\"type_own_select\" class=\"wdform-field wd-width-100 wd-flex wd-flex-column fm-type_own_select\" ><div class=\"wdform-label-section wd-width-100  wd-flex-row\">    <label  for=\"wdform_17_element6\" class=\"wdform-label\">Busfahrt<\/label><span class=\"wdform-required\">*<\/span><\/div><div class=\"wdform-element-section wd-flex  wd-flex-row wd-width-100\" ><select class=\"wd-width-100\" id=\"wdform_17_element6\" name=\"wdform_17_element6\" ><option value=\"W\u00e4hle deine Busfahrt\" selected=\"selected\">W\u00e4hle deine Busfahrt<\/option><option value=\"15.04.26  FCB-Real Madrid (Reisebus mit eigener Karte)\" >15.04.26  FCB-Real Madrid (Reisebus mit eigener Karte)<\/option><option value=\"14.05.26  Pokalfinale der Frauen FCB-Wolfsburg (Reisebus-Stehplatz))\" >14.05.26  Pokalfinale der Frauen FCB-Wolfsburg (Reisebus-Stehplatz))<\/option><option value=\"14.05.26  Pokalfinale der Frauen FCB-Wolfsburg (Reisebus-Sitzplatz))\" >14.05.26  Pokalfinale der Frauen FCB-Wolfsburg (Reisebus-Sitzplatz))<\/option><option value=\"16.05.26  FCB-K\u00f6ln mit Adlersberg (Reisebus mit eigener Karte)\" >16.05.26  FCB-K\u00f6ln mit Adlersberg (Reisebus mit eigener Karte)<\/option><\/select><\/div><\/div><\/div><\/div><div class=\"wdform_column\"><div wdid=\"19\" class=\"wdform_row\" style=\"position: relative; left: 0px; top: 0px;\"><div type=\"type_text\" class=\"wdform-field wd-width-100 wd-flex wd-flex-column fm-type_text\" ><div class=\"wdform-label-section wd-width-100  wd-flex-row wd-align-items-center\">    <label  for=\"wdform_19_element6\" class=\"wdform-label\">Wieviele Personen (inklusive Dir) m\u00f6chtest Du anmelden?<\/label><span class=\"wdform-required\">*<\/span><\/div><div class=\"wdform-element-section wd-flex  wd-flex-row wd-align-items-center wd-width-100\" ><input type=\"text\"                           class=\"wd-width-100\"                           id=\"wdform_19_element6\"                           name=\"wdform_19_element6\"                           value=\"\"                           title=\"\"                           placeholder=\"\"                                                       \/><\/div><\/div><\/div><\/div><div class=\"wdform_column\"><div wdid=\"20\" class=\"wdform_row\"><div type=\"type_textarea\" class=\"wdform-field wd-width-100 wd-flex wd-flex-column fm-type_textarea\" ><div class=\"wdform-label-section wd-width-100 \">    <label  for=\"wdform_20_element6\" class=\"wdform-label\">Die Namen aller Mitfahrer angeben:<\/label><span class=\"wdform-required\">*<\/span><\/div><div class=\"wdform-element-section wd-flex  wd-width-100\" ><textarea class=\"wd-width-100\"                      id=\"wdform_20_element6\"                      name=\"wdform_20_element6\"                      placeholder=\"\"                      maxlength=\"\"                      style=\"height: 100px;\"                      ><\/textarea><\/div><\/div><\/div><\/div><div class=\"wdform_column\"><div wdid=\"21\" class=\"wdform_row\"><div type=\"type_checkbox\" class=\"wdform-field wd-width-100 wd-flex wd-flex-row fm-type_checkbox\" ><div class=\"wdform-label-section wd-width-30  wd-flex-wrap wd-flex-column\">    <label  class=\"wdform-label\"> Eigene Eintrittskarte vorhanden?<\/label><span class=\"wdform-required\">*<\/span><\/div><div class=\"wdform-element-section wd-flex  wd-flex-wrap wd-flex-column wd-width-70\" ><div class=\"wd-flex wd-flex-column\"><input type=\"hidden\" name=\"wdform_21_element6\" value=\"\" \/><div class=\"checkbox-div wd-choice wd-flex wd-flex-row\"><input type=\"checkbox\"  id=\"wdform_21_element60\" name=\"wdform_21_element60\" value=\"Ja\"    \/><label class=\"wd-align-items-center wd-flex wd-flex-row\" for=\"wdform_21_element60\"><span><\/span>Ja<\/label><\/div><div class=\"checkbox-div wd-choice wd-flex wd-flex-row\"><input type=\"checkbox\"  id=\"wdform_21_element61\" name=\"wdform_21_element61\" value=\"Nein\"    \/><label class=\"wd-align-items-center wd-flex wd-flex-row\" for=\"wdform_21_element61\"><span><\/span>Nein<\/label><\/div><\/div><\/div><\/div><\/div><\/div><div class=\"wdform_column\"><div wdid=\"22\" class=\"wdform_row\"><div type=\"type_own_select\" class=\"wdform-field wd-width-100 wd-flex wd-flex-column fm-type_own_select\" ><div class=\"wdform-label-section wd-width-100 wdform_select wd-flex-row\">    <label  for=\"wdform_22_element6\" class=\"wdform-label\">W\u00e4hle Deinen Zustiegsort (nur bei Heimspielen):<\/label><span class=\"wdform-required\">*<\/span><\/div><div class=\"wdform-element-section wd-flex wdform_select wd-flex-row wd-width-100\" ><select class=\"wd-width-100\" id=\"wdform_22_element6\" name=\"wdform_22_element6\" ><option value=\"Zustieg w\u00e4hlen\" selected=\"selected\">Zustieg w\u00e4hlen<\/option><option value=\"Se\u00dflach Schulparkplatz\" >Se\u00dflach Schulparkplatz<\/option><option value=\"Ebersdorf Aldi (nur bei gen\u00fcgend Interesse m\u00f6glich!) \" >Ebersdorf Aldi (nur bei gen\u00fcgend Interesse m\u00f6glich!) <\/option><option value=\"Breiteng\u00fc\u00dfbach Autohof\" >Breiteng\u00fc\u00dfbach Autohof<\/option><option value=\"Bamberg Fuchsparkstadion\" >Bamberg Fuchsparkstadion<\/option><option value=\"Forchheim Aral\/KFC\" >Forchheim Aral\/KFC<\/option><option value=\"Rasthof N\u00fcrnberg-Feucht\" >Rasthof N\u00fcrnberg-Feucht<\/option><\/select><\/div><\/div><\/div><\/div><div class=\"wdform_column\"><div wdid=\"23\" class=\"wdform_row\"><div type=\"type_textarea\" class=\"wdform-field wd-width-100 wd-flex wd-flex-column fm-type_textarea\" ><div class=\"wdform-label-section wd-width-100 \">    <label  for=\"wdform_23_element6\" class=\"wdform-label\">W\u00fcnsche - Hinweise<\/label><\/div><div class=\"wdform-element-section wd-flex  wd-width-100\" ><textarea class=\"wd-width-100\"                      id=\"wdform_23_element6\"                      name=\"wdform_23_element6\"                      placeholder=\"\"                      maxlength=\"\"                      style=\"height: 100px;\"                      ><\/textarea><\/div><\/div><\/div><\/div><div class=\"wdform_column\"><div wdid=\"24\" class=\"wdform_row\"><div type=\"type_textarea\" class=\"wdform-field wd-width-100 wd-flex wd-flex-column fm-type_textarea\" ><div class=\"wdform-label-section wd-width-100 \">    <label  for=\"wdform_24_element6\" class=\"wdform-label\">Hinweis<\/label><\/div><div class=\"wdform-element-section wd-flex  wd-width-100\" ><textarea class=\"wd-width-100\"                      id=\"wdform_24_element6\"                      name=\"wdform_24_element6\"                      placeholder=\"\"                      maxlength=\"\"                      style=\"height: 100px;\"                      >Nach Deiner Anmeldung erh\u00e4ltst Du zeitnah eine Best\u00e4tigungsmail mit weiteren Details und den Zahlungsformalit\u00e4ten.&#13;&#13;Mit Deiner Anmeldungen erkennst Du die Datenschutzbestimmungen dieser Homepage an. Au\u00dferdem bist Du damit einverstanden, dass eventuell w\u00e4hrend der Busfahrt von Dir gemachte Fotos auf unserer Homepage bzw. bei Facebook ver\u00f6ffentlicht werden.<\/textarea><\/div><\/div><\/div><\/div><div class=\"wdform_column\"><div wdid=\"1\" class=\"wdform_row\"><div type=\"type_submit_reset\" class=\"wdform-field wd-width-100 wd-flex wd-flex-column fm-type_submit_reset\" ><div class=\"wdform-element-section wd-flex  wd-flex-row wd-justify-content-right wd-width-100\" ><button  type=\"button\" class=\"button-submit\" onclick=\"fm_submit_form('6');\"  data-ajax=\"0\"><span class=\"fm-submit-loading spinner fm-ico-spinner\"><\/span>Anmeldung abschicken<\/button><button  type=\"button\" class=\"button-reset wd-hidden\" onclick=\"fm_reset_form(6);\" >Reset<\/button><\/div><\/div><\/div><\/div><\/div><div valign=\"top\" class=\"wdform_footer wd-width-100\"><div class=\"wd-width-100\"><div class=\"wd-width-100 wd-table\" style=\"padding-top:10px;\"><div class=\"wd-table-group\"><div id=\"6page_nav1\" class=\"wd-table-row\"><div valign=\"middle\" align=\"left\" style=\"display: inline-block; width: 40%;\"><\/div><div id=\"page_numbers61\" valign=\"middle\" align=\"center\" style=\"display: inline-block; width: 20%;\"><\/div><div valign=\"middle\" align=\"right\" style=\"display: inline-block; width: 40%;\"><span id=\"page_next_1\" class=\"wdform-page-button\" style=\"cursor: pointer;\">Next<\/span><\/div><\/div><\/div><\/div><\/div><\/div><\/div><\/div><div class=\"wdform-page-and-images fm-form-builder\" style=\"border-width: 1px;\"><div id=\"6form_view2\" page_title=\"Untitled Page\" class=\"wdform_page\" next_title=\"Next\" next_type=\"text\" next_class=\"wdform-page-button\" next_checkable=\"true\" previous_title=\"Previous\" previous_type=\"text\" previous_class=\"wdform-page-button\" previous_checkable=\"false\"><div valign=\"top\" class=\"wdform_footer\" style=\"width: 100%;\"><div style=\"width: 100%;\"><div style=\"width: 100%; display: table;\"><div style=\"display: table-row-group;\"><div id=\"6page_nav2\" style=\"display: table-row;\"><div valign=\"middle\" align=\"left\" style=\"display: inline-block; width: 40%;\"><span id=\"page_previous_2\" class=\"wdform-page-button\" style=\"cursor: pointer;\">Previous<\/span><\/div><div id=\"page_numbers62\" valign=\"middle\" align=\"center\" style=\"display: inline-block; width: 20%;\"><\/div><div valign=\"middle\" align=\"right\" style=\"display: inline-block; width: 40%;\"><span id=\"page_next_2\" class=\"wdform-page-button\" style=\"cursor: pointer;\">Next<\/span><\/div><\/div><\/div><\/div><\/div><\/div><\/div><\/div><div class=\"wdform_preload\"><\/div><input type=\"hidden\" name=\"fm-current-page\" value=\"https:\/\/fcb-sesslach91.de\/index.php\/wp-json\/wp\/v2\/pages\/69\" \/><\/form><\/div><\/p>\n","protected":false},"excerpt":{"rendered":"<p>Wir nehmen am Stammfahrerprogramm des FC Bayern M\u00fcnchen teil und k\u00f6nnen daher pro Saison mindestens 4 Busfahrten zu Heimspielen in eine gro\u00dfen Reisebus anbieten. Au\u00dferdem werden wir mit unseren Dauerkarten (Stehplatz S\u00fcd) viele weitere Heimspiele mit dem Kleinbus anfahren. Die Anmeldungen von Nichtmitgliedern ist &#8211; soweit bei der einzelnen Fahrt<\/p>\n","protected":false},"author":1,"featured_media":0,"parent":0,"menu_order":0,"comment_status":"closed","ping_status":"closed","template":"","meta":{"footnotes":""},"categories":[13],"tags":[],"class_list":["post-69","page","type-page","status-publish","hentry","category-busfahrten"],"_links":{"self":[{"href":"https:\/\/fcb-sesslach91.de\/index.php\/wp-json\/wp\/v2\/pages\/69"}],"collection":[{"href":"https:\/\/fcb-sesslach91.de\/index.php\/wp-json\/wp\/v2\/pages"}],"about":[{"href":"https:\/\/fcb-sesslach91.de\/index.php\/wp-json\/wp\/v2\/types\/page"}],"author":[{"embeddable":true,"href":"https:\/\/fcb-sesslach91.de\/index.php\/wp-json\/wp\/v2\/users\/1"}],"replies":[{"embeddable":true,"href":"https:\/\/fcb-sesslach91.de\/index.php\/wp-json\/wp\/v2\/comments?post=69"}],"version-history":[{"count":887,"href":"https:\/\/fcb-sesslach91.de\/index.php\/wp-json\/wp\/v2\/pages\/69\/revisions"}],"predecessor-version":[{"id":4746,"href":"https:\/\/fcb-sesslach91.de\/index.php\/wp-json\/wp\/v2\/pages\/69\/revisions\/4746"}],"wp:attachment":[{"href":"https:\/\/fcb-sesslach91.de\/index.php\/wp-json\/wp\/v2\/media?parent=69"}],"wp:term":[{"taxonomy":"category","embeddable":true,"href":"https:\/\/fcb-sesslach91.de\/index.php\/wp-json\/wp\/v2\/categories?post=69"},{"taxonomy":"post_tag","embeddable":true,"href":"https:\/\/fcb-sesslach91.de\/index.php\/wp-json\/wp\/v2\/tags?post=69"}],"curies":[{"name":"wp","href":"https:\/\/api.w.org\/{rel}","templated":true}]}}