{"id":90,"date":"2018-12-19T06:06:03","date_gmt":"2018-12-19T06:06:03","guid":{"rendered":"http:\/\/fcb-sesslach91.de\/?page_id=90"},"modified":"2020-01-22T20:47:42","modified_gmt":"2020-01-22T19:47:42","slug":"vereinschronik","status":"publish","type":"page","link":"https:\/\/fcb-sesslach91.de\/index.php\/vereinschronik\/","title":{"rendered":"Entstehungsgeschichte"},"content":{"rendered":"<div class=\"tm-content-container\">\n<div class=\"tm-middle uk-grid\" data-uk-grid-match=\"\" data-uk-grid-margin=\"\">\n<div class=\"tm-main uk-width-medium-3-4 uk-push-1-4\">\n<p style=\"text-align: center;\"><span style=\"text-decoration: underline; color: #ff0000; font-size: 16px;\"><span style=\"font-family: arial black, sans-serif;\"><strong><em>Die Entstehungsgeschichte des FC Bayern-Fanclub \u201eSe\u00dflach \u00b491\u201c<\/em><\/strong><\/span><\/span><\/p>\n<p style=\"text-align: center;\"><span style=\"font-family: arial black, sans-serif; font-size: 12px;\">(verfasst von Markus Trinkerl)<\/span><\/p>\n<p style=\"text-align: center;\"><span style=\"font-family: arial black, sans-serif; font-size: 12px;\">Juno 1991. Es war Johanni-Feuer als wir wieder einmal zum \u00fcblichen Thema \u201edem Fu\u00dfball\u201c kamen.<\/span><br \/>\n<span style=\"font-family: arial black, sans-serif; font-size: 12px;\">Nat\u00fcrlich geht es hier nur um den FC Bayern M\u00fcnchen, der zahlreiche Fans in Se\u00dflach vermelden kann.<\/span><br \/>\n<span style=\"font-family: arial black, sans-serif; font-size: 12px;\">Jedoch gibt es auch einige anders bewanderte Fans.<\/span><br \/>\n<span style=\"font-family: arial black, sans-serif; font-size: 12px;\">Dar\u00fcber wollen wir jetzt nicht reden, sondern unsere Gedanken ganz der \u00e4u\u00dferst wichtigen Fanclub-Gr\u00fcndung widmen.<\/span><\/p>\n<p style=\"text-align: center;\"><span style=\"font-family: arial black, sans-serif; font-size: 12px;\">Nach geraumer Zeit (am Johanni-Feuer nat\u00fcrlich) entwickelten dann einigen den Gedanken einen<\/span><br \/>\n<span style=\"font-family: arial black, sans-serif; font-size: 12px;\">Fanclub des FC Bayern M\u00fcnchen in Se\u00dflach zu gr\u00fcnden.<\/span><br \/>\n<span style=\"font-family: arial black, sans-serif; font-size: 12px;\">Jedoch war dazu eine bestimmte Anzahl von Fans n\u00f6tig. So wurden alle aufgeschrieben, die bei dieser<\/span><br \/>\n<span style=\"font-family: arial black, sans-serif; font-size: 12px;\">Interessensgemeinschaft mitmachen wollten.<\/span><br \/>\n<span style=\"font-family: arial black, sans-serif; font-size: 12px;\">Die Zahl stieg bis auf 27 an. Somit war besiegelt, dass es in Zukunft einen neuen Bayern-Fanclub in Se\u00dflach geben wird.<\/span><\/p>\n<p style=\"text-align: center;\"><span style=\"font-family: arial black, sans-serif; font-size: 12px;\">Die formellen Angelegenheiten mit dem FC Bayern M\u00fcnchen kl\u00e4rte Wolfgang R\u00f6\u00dfner.<\/span><\/p>\n<p style=\"text-align: center;\"><span style=\"font-family: arial black, sans-serif; font-size: 12px;\">Am 19.08.1991 war es dann soweit und 25 Bayern-Fans trafen sich in Wolfi\u00b4s Keller zur Gr\u00fcndungsversammlung.<\/span><br \/>\n<span style=\"font-family: arial black, sans-serif; font-size: 12px;\">Wie es zu einem richtigen Club geh\u00f6rt, musste eine Vorstandschaft gew\u00e4hlt werden.<\/span><br \/>\n<span style=\"font-family: arial black, sans-serif; font-size: 12px;\">Da Wolfgang R\u00f6\u00dfner bereits im Vorfeld die formellen Dinge gekl\u00e4rt hatte, wurde er auch einstimmig zum 1. Vorstand gew\u00e4hlt.<\/span><br \/>\n<span style=\"font-family: arial black, sans-serif; font-size: 12px;\">Zum 2. Vorstand wurde Markus Bub ernannt. Die Verantwortung \u00fcber die Fanclub-Kasse wurde ebenfalls mit<\/span><br \/>\n<span style=\"font-family: arial black, sans-serif; font-size: 12px;\">einstimmigen Beschluss an Uwe Wabroschek \u00fcbertragen.<\/span><br \/>\n<span style=\"font-family: arial black, sans-serif; font-size: 12px;\">Damit war die Vorstandschaft komplett.<\/span><\/p>\n<p style=\"text-align: center;\"><span style=\"font-family: arial black, sans-serif; font-size: 12px;\">Jetzt fehlte nur noch der Name des Fanclubs und das Wappen. Bei der Wahl des Namens gab es zahlreiche Vorschl\u00e4ge:<\/span><\/p>\n<p style=\"text-align: center;\"><span style=\"font-family: arial black, sans-serif; font-size: 12px;\">\u201eRed Tigers Se\u00dflach\u201c, \u201eRed Angels Se\u00dflach\u201c, \u201eSchl\u00fcmpfe Se\u00dflach\u201c und noch einige mehr.<\/span><\/p>\n<p style=\"text-align: center;\"><span style=\"font-family: arial black, sans-serif; font-size: 12px;\">Allerdings konnte kein Vorschlag die erforderliche Mehrheit erreichen und so einigte man sich nach einer heftigen<\/span><br \/>\n<span style=\"font-family: arial black, sans-serif; font-size: 12px;\">Diskussion auf den Namen<\/span><\/p>\n<p style=\"text-align: center;\" align=\"center\"><span style=\"font-family: arial black, sans-serif; font-size: 12px;\"><strong>FC Bayern-Fanclub \u201eSe\u00dflach \u00b491\u201c.<\/strong><\/span><\/p>\n<p style=\"text-align: center;\"><span style=\"font-family: arial black, sans-serif; font-size: 12px;\"><strong>\u00a0<\/strong><\/span><\/p>\n<p style=\"text-align: center;\"><span style=\"font-family: arial black, sans-serif; font-size: 12px;\">Einzig Lothar wollte bis zum Schluss an den Schl\u00fcmpfen festhalten (Insider wissen bescheid!).<\/span><br \/>\n<span style=\"font-family: arial black, sans-serif; font-size: 12px;\">Somit waren die ersten Schritte getan und es fehlte nur noch ein Fanclub-Wappen.<\/span><br \/>\n<span style=\"font-family: arial black, sans-serif; font-size: 12px;\">Um dieses zu ermitteln, bat der Vorstand die Mitglieder bis zur n\u00e4chsten Sitzung einige Entw\u00fcrfe vorzubereiten.<\/span><br \/>\n<span style=\"font-family: arial black, sans-serif; font-size: 12px;\">An der n\u00e4chsten Sitzung konnten dann auch wirklich einige Vorschl\u00e4ge vorgelegt werden und man einigte sich<\/span><br \/>\n<span style=\"font-family: arial black, sans-serif; font-size: 12px;\">nach einer erneut langwierigen Abstimmung auf einen Vorschlag<\/span><br \/>\n<span style=\"font-family: arial black, sans-serif; font-size: 12px;\">(dieses wurde aber inzwischen von unserem neuen offiziellen Fanclub-Wappen abgel\u00f6st).<\/span><\/p>\n<p style=\"text-align: center;\"><span style=\"font-family: arial black, sans-serif; font-size: 12px;\">Nun war alles perfekt f\u00fcr den Beginn von einem der zahlreichen Fanclubs des FC Bayern M\u00fcnchen.<\/span><\/p>\n<article class=\"uk-article\">\n<div>\n<table id=\"AutoNumber1\" style=\"width: 93.8559%; height: 1837px;\" border=\"0\" cellspacing=\"0\" cellpadding=\"0\">\n<tbody>\n<tr style=\"height: 32px;\">\n<td style=\"height: 10px; text-align: center;\" colspan=\"2\" align=\"center\"><\/td>\n<\/tr>\n<tr style=\"height: 10px;\">\n<td style=\"height: 10px;\" colspan=\"2\" align=\"center\"><\/td>\n<\/tr>\n<tr style=\"height: 2728px;\">\n<td style=\"height: 1817px;\" align=\"center\" valign=\"top\">&nbsp;<\/p>\n<p>&nbsp;<\/p>\n<p>&nbsp;<\/p>\n<p>&nbsp;<\/p>\n<p>&nbsp;<\/p>\n<p>&nbsp;<\/p>\n<p>&nbsp;<\/p>\n<p>&nbsp;<\/p>\n<p>&nbsp;<\/p>\n<p>&nbsp;<\/p>\n<p>&nbsp;<\/p>\n<p>&nbsp;<\/p>\n<p>&nbsp;<\/p>\n<p>&nbsp;<\/p>\n<p>&nbsp;<\/p>\n<p>&nbsp;<\/p>\n<p>&nbsp;<\/p>\n<p>&nbsp;<\/p>\n<p>&nbsp;<\/p>\n<p>&nbsp;<\/p>\n<p>&nbsp;<\/p>\n<p>&nbsp;<\/p>\n<p>&nbsp;<\/p>\n<p>&nbsp;<\/td>\n<\/tr>\n<\/tbody>\n<\/table>\n<\/div>\n<p><a style=\"color: #79a65a; text-decoration: none; background: transparent; cursor: pointer;\" title=\"Eintrag ausdrucken &lt; Vereinschronik &gt;\" href=\"https:\/\/fcb-sesslach91.de\/index.php\/club-2\/vereinschronik?tmpl=component&amp;print=1\" rel=\"nofollow\">\u00a0Drucken <\/a><a title=\"Link einem Freund via E-Mail senden\" href=\"https:\/\/fcb-sesslach91.de\/index.php\/component\/mailto\/?tmpl=component&amp;template=yoo_aurora&amp;link=4fdd4168606554840a3799aaa21cdf027cee533b\" rel=\"nofollow\">\u00a0E-Mail<\/a><\/p>\n<ul class=\"uk-pagination\">\n<li class=\"uk-pagination-previous\"><a href=\"https:\/\/fcb-sesslach91.de\/index.php\/fanclub\/satzung\">\u00a0Zur\u00fcck<\/a><\/li>\n<\/ul>\n<\/article>\n<\/div>\n<aside class=\"tm-sidebar-a uk-width-medium-1-4 uk-pull-3-4\">\n<div class=\"uk-panel uk-panel-box style-box color-transparent2\">\n<ul class=\"uk-nav uk-nav-parent-icon uk-nav-side\" data-uk-nav=\"{}\">\n<li class=\"uk-parent uk-active uk-open\" aria-expanded=\"true\"><a href=\"https:\/\/fcb-sesslach91.de\/index.php\/club-2\/vereinschronik#\">Alles \u00fcber den Fanclub<\/a>\n<div>\n<ul class=\"uk-nav-sub\">\n<li class=\"uk-parent uk-active uk-nav-header\">VORSTANDSCHAFT\n<ul>\n<li><a href=\"https:\/\/fcb-sesslach91.de\/index.php\/club-2\/vorstandschaft\/praesident\">PR\u00c4SIDENT<\/a><\/li>\n<li><a href=\"https:\/\/fcb-sesslach91.de\/index.php\/club-2\/vorstandschaft\/vizepraesident\">VIZEPR\u00c4SIDENT<\/a><\/li>\n<li><a href=\"https:\/\/fcb-sesslach91.de\/index.php\/club-2\/vorstandschaft\/kassier\">KASSIER<\/a><\/li>\n<li><a href=\"https:\/\/fcb-sesslach91.de\/index.php\/club-2\/vorstandschaft\/schriftfuehrer\">SCHRIFTF\u00dcHRER<\/a><\/li>\n<li><a href=\"https:\/\/fcb-sesslach91.de\/index.php\/club-2\/vorstandschaft\/pressesprecher\">PRESSESPRECHER<\/a><\/li>\n<li><a href=\"https:\/\/fcb-sesslach91.de\/index.php\/club-2\/vorstandschaft\/beisitzer\">BEISITZER<\/a><\/li>\n<\/ul>\n<\/li>\n<li><a href=\"https:\/\/fcb-sesslach91.de\/index.php\/club-2\/vereinschronik\">Vereinschronik<\/a><\/li>\n<li><a href=\"https:\/\/fcb-sesslach91.de\/index.php\/club-2\/satzung\">Satzung<\/a><\/li>\n<li><a href=\"https:\/\/fcb-sesslach91.de\/index.php\/club-2\/mitglieds-antrag\">Mitgliedsantrag<\/a><\/li>\n<li class=\"uk-parent\"><a href=\"https:\/\/fcb-sesslach91.de\/index.php\/club-2\/impressum\">Impressum<\/a>\n<ul>\n<li><a href=\"https:\/\/fcb-sesslach91.de\/index.php\/club-2\/impressum\/allgemeine-nutzungsbedingungen\">Allgemeine Nutzungsbedingungen<\/a><\/li>\n<li><a href=\"https:\/\/fcb-sesslach91.de\/index.php\/club-2\/impressum\/erklaerung-zum-datenschutz\">Erkl\u00e4rung zum Datenschutz<\/a><\/li>\n<li><a href=\"https:\/\/fcb-sesslach91.de\/index.php\/club-2\/impressum\/haftungsausschluss-disclaimer\">Haftungsausschluss (Disclaimer)<\/a><\/li>\n<\/ul>\n<\/li>\n<\/ul>\n<\/div>\n<\/li>\n<\/ul>\n<\/div>\n<\/aside>\n<\/div>\n<\/div>\n<div class=\"tm-block-footer uk-text-center uk-text-muted\">Powered by\u00a0<a href=\"http:\/\/www.yootheme.com\/\">Warp Theme Framework<\/a><\/div>\n","protected":false},"excerpt":{"rendered":"<p>Die Entstehungsgeschichte des FC Bayern-Fanclub \u201eSe\u00dflach \u00b491\u201c (verfasst von Markus Trinkerl) Juno 1991. Es war Johanni-Feuer als wir wieder einmal zum \u00fcblichen Thema \u201edem Fu\u00dfball\u201c kamen. Nat\u00fcrlich geht es hier nur um den FC Bayern M\u00fcnchen, der zahlreiche Fans in Se\u00dflach vermelden kann. Jedoch gibt es auch einige anders bewanderte<\/p>\n","protected":false},"author":1,"featured_media":0,"parent":0,"menu_order":0,"comment_status":"closed","ping_status":"closed","template":"","meta":{"footnotes":""},"categories":[10],"tags":[],"class_list":["post-90","page","type-page","status-publish","hentry","category-chronik"],"_links":{"self":[{"href":"https:\/\/fcb-sesslach91.de\/index.php\/wp-json\/wp\/v2\/pages\/90"}],"collection":[{"href":"https:\/\/fcb-sesslach91.de\/index.php\/wp-json\/wp\/v2\/pages"}],"about":[{"href":"https:\/\/fcb-sesslach91.de\/index.php\/wp-json\/wp\/v2\/types\/page"}],"author":[{"embeddable":true,"href":"https:\/\/fcb-sesslach91.de\/index.php\/wp-json\/wp\/v2\/users\/1"}],"replies":[{"embeddable":true,"href":"https:\/\/fcb-sesslach91.de\/index.php\/wp-json\/wp\/v2\/comments?post=90"}],"version-history":[{"count":6,"href":"https:\/\/fcb-sesslach91.de\/index.php\/wp-json\/wp\/v2\/pages\/90\/revisions"}],"predecessor-version":[{"id":1810,"href":"https:\/\/fcb-sesslach91.de\/index.php\/wp-json\/wp\/v2\/pages\/90\/revisions\/1810"}],"wp:attachment":[{"href":"https:\/\/fcb-sesslach91.de\/index.php\/wp-json\/wp\/v2\/media?parent=90"}],"wp:term":[{"taxonomy":"category","embeddable":true,"href":"https:\/\/fcb-sesslach91.de\/index.php\/wp-json\/wp\/v2\/categories?post=90"},{"taxonomy":"post_tag","embeddable":true,"href":"https:\/\/fcb-sesslach91.de\/index.php\/wp-json\/wp\/v2\/tags?post=90"}],"curies":[{"name":"wp","href":"https:\/\/api.w.org\/{rel}","templated":true}]}}