{"id":92,"date":"2018-12-19T06:06:57","date_gmt":"2018-12-19T06:06:57","guid":{"rendered":"http:\/\/fcb-sesslach91.de\/?page_id=92"},"modified":"2018-12-19T23:18:30","modified_gmt":"2018-12-19T23:18:30","slug":"satzung-des-fc-bayern-fanclub-sesslach-91","status":"publish","type":"page","link":"https:\/\/fcb-sesslach91.de\/index.php\/satzung-des-fc-bayern-fanclub-sesslach-91\/","title":{"rendered":"Satzung des FC Bayern-Fanclub \u201dSe\u00dflach \u00b491\u201d"},"content":{"rendered":"<p><strong><em>Satzung des FC Bayern-Fanclub \u201dSe\u00dflach \u00b491\u201d<\/em><\/strong><\/p>\n<p>am 12.06.2015 von den Mitgliedern auf der Jahreshauptversammlung beschlossen<\/p>\n<p>&nbsp;<\/p>\n<p><strong>I. Der Fanclub<\/strong><\/p>\n<p><strong>\u00a7 \u00a0\u00a0 1:\u00a0\u00a0\u00a0 Allgemeine Bestimmungen<\/strong><\/p>\n<p>Der FC Bayern-Fanclub \u201dSe\u00dflach \u00b491\u201d wird als offizieller Fanclub beim FC Bayern M\u00fcnchen e. V. gef\u00fchrt.<\/p>\n<p><strong>\u00a7\u00a0\u00a0\u00a0 2:\u00a0\u00a0\u00a0 Zweck des Fanclubs<\/strong><\/p>\n<p>Der Zweck des Fanclubs ist die Geselligkeit, der Besuch von Spielen und die Unterst\u00fctzung des FC Bayern M\u00fcnchen.<\/p>\n<p>&nbsp;<\/p>\n<p><strong>II. Mitgliedschaft<\/strong><\/p>\n<p><strong>\u00a7\u00a0\u00a0\u00a0 3:\u00a0\u00a0\u00a0 Erwerb der Mitgliedschaft<\/strong><\/p>\n<p>(1)\u00a0\u00a0 Die Mitgliedschaft wird durch die Unterschrift (bei Minderj\u00e4hrigen auch die des gesetzlichen Vertreters) auf der Beitrittserkl\u00e4rung und durch Best\u00e4tigung durch die Mitgliederversammlung erworben.<\/p>\n<p>(2)\u00a0\u00a0 Die Mitgliedschaft kann jeder erwerben.<\/p>\n<p>&nbsp;<\/p>\n<p><strong>\u00a7\u00a0\u00a0\u00a0 4: \u00a0\u00a0 Beitrag<\/strong><\/p>\n<p>(1)\u00a0\u00a0 Der Jahresbeitrag betr\u00e4gt:<\/p>\n<p>12,00 Euro f\u00fcr Mitglieder \u00fcber 18 Jahre.<\/p>\n<p>6,00 Euro f\u00fcr Mitglieder unter 18 Jahren.<\/p>\n<p>Kinder unter 6 Jahren m\u00fcssen keinen Beitrag zahlen.<\/p>\n<p>(2) \u00a0 Die Beitragszahlungsdauer ist vom 01.06. bis 31.05.<\/p>\n<p>Der Jahresbeitrag ist jeweils im Voraus und bis sp\u00e4testens 01.07. unaufgefordert zu zahlen.<\/p>\n<p>(3)\u00a0\u00a0 Bei Antragstellung ist der anteilige Jahresbeitrag zu entrichten. Aufnahmegeb\u00fchren fallen nicht an.<\/p>\n<p><strong>\u00a7\u00a0\u00a0\u00a0 5:\u00a0\u00a0\u00a0 Beendigung der Mitgliedschaft<\/strong><\/p>\n<p>(1)\u00a0\u00a0 Der Austritt aus dem Club ist nur nach mindestens 1-j\u00e4hriger Mitgliedschaft &#8211; jeweils zum 31. Mai &#8211; m\u00f6glich.<\/p>\n<p>(2)\u00a0\u00a0 Der Austritt muss schriftlich bis sp\u00e4testens 15.05. mitgeteilt werden.<\/p>\n<p>(3)\u00a0 Zahlt das Mitglied seinen Beitrag nicht, wird es zum Ende des Gesch\u00e4ftsjahres (31.05.) aus dem Fanclub ausgeschlossen.<\/p>\n<p>(4)\u00a0\u00a0 Das Pr\u00e4sidium ist berechtigt, Mitglieder aufgrund negativer Vorkommnisse aus dem Fanclub auszuschlie\u00dfen.<\/p>\n<p><strong>III. Organe des Fanclubs<\/strong><\/p>\n<p><strong>\u00a7\u00a0\u00a0\u00a0 6: \u00a0\u00a0 Pr\u00e4sidium<\/strong><\/p>\n<p>(1)\u00a0\u00a0 Das Pr\u00e4sidium setzt sich zusammen aus:<\/p>\n<p>&#8211;\u00a0\u00a0\u00a0\u00a0\u00a0\u00a0\u00a0\u00a0\u00a0\u00a0Pr\u00e4sident<\/p>\n<p>&#8211;\u00a0\u00a0\u00a0\u00a0\u00a0\u00a0\u00a0\u00a0\u00a0\u00a0Vizepr\u00e4sident<\/p>\n<p>&#8211;\u00a0\u00a0\u00a0\u00a0\u00a0\u00a0\u00a0\u00a0\u00a0\u00a0Schatzmeister<\/p>\n<p>&#8211;\u00a0\u00a0\u00a0\u00a0\u00a0\u00a0\u00a0\u00a0\u00a0\u00a0Schriftf\u00fchrer u. Kassenpr\u00fcfer<\/p>\n<p>&#8211;\u00a0\u00a0\u00a0\u00a0\u00a0\u00a0\u00a0\u00a0\u00a0\u00a0Pressesprecher<\/p>\n<p>&#8211;\u00a0\u00a0\u00a0\u00a0\u00a0\u00a0\u00a0\u00a0\u00a0\u00a0Mindestens 2 Beisitzer (h\u00f6chstens 4)<\/p>\n<address>\u00a0\u00a0\u00a0 (2)\u00a0Die Amtszeit betr\u00e4gt jeweils 3 Jahre. Eine Wiederwahl ist jederzeit m\u00f6glich.<\/address>\n<p>\u00a0\u00a0\u00a0\u00a0\u00a0\u00a0\u00a0\u00a0\u00a0\u00a0\u00a0\u00a0\u00a0 (3) Pr\u00e4sident, Vizepr\u00e4sident und Schatzmeister d\u00fcrfen Gesch\u00e4fte im Namen des FC Bayern-Fanclub \u201eSe\u00dflach \u00b491\u201c t\u00e4tigen.<\/p>\n<p>&nbsp;<\/p>\n<p><strong>IV. Schlussbestimmungen<\/strong><\/p>\n<p><strong>\u00a7\u00a0\u00a0\u00a0 7:\u00a0\u00a0\u00a0 Satzungs\u00e4nderung<\/strong><\/p>\n<p>Die Satzung kann nur durch 2\/3-Mehrheit der Mitglieder auf der Hauptversammlung ge\u00e4ndert werden.<\/p>\n<p><strong>\u00a7 \u00a0\u00a0 8:\u00a0\u00a0\u00a0 Aufl\u00f6sung des Fanclubs<\/strong><\/p>\n<p>Im Falle der Aufl\u00f6sung des Fanclubs bestimmen die Mitglieder \u00fcber die Verwendung des verf\u00fcgbaren Clubverm\u00f6gens.<\/p>\n","protected":false},"excerpt":{"rendered":"<p>Satzung des FC Bayern-Fanclub \u201dSe\u00dflach \u00b491\u201d am 12.06.2015 von den Mitgliedern auf der Jahreshauptversammlung beschlossen &nbsp; I. Der Fanclub \u00a7 \u00a0\u00a0 1:\u00a0\u00a0\u00a0 Allgemeine Bestimmungen Der FC Bayern-Fanclub \u201dSe\u00dflach \u00b491\u201d wird als offizieller Fanclub beim FC Bayern M\u00fcnchen e. V. gef\u00fchrt. \u00a7\u00a0\u00a0\u00a0 2:\u00a0\u00a0\u00a0 Zweck des Fanclubs Der Zweck des Fanclubs ist<\/p>\n","protected":false},"author":1,"featured_media":0,"parent":0,"menu_order":0,"comment_status":"closed","ping_status":"closed","template":"","meta":{"footnotes":""},"categories":[9],"tags":[],"class_list":["post-92","page","type-page","status-publish","hentry","category-verein"],"_links":{"self":[{"href":"https:\/\/fcb-sesslach91.de\/index.php\/wp-json\/wp\/v2\/pages\/92"}],"collection":[{"href":"https:\/\/fcb-sesslach91.de\/index.php\/wp-json\/wp\/v2\/pages"}],"about":[{"href":"https:\/\/fcb-sesslach91.de\/index.php\/wp-json\/wp\/v2\/types\/page"}],"author":[{"embeddable":true,"href":"https:\/\/fcb-sesslach91.de\/index.php\/wp-json\/wp\/v2\/users\/1"}],"replies":[{"embeddable":true,"href":"https:\/\/fcb-sesslach91.de\/index.php\/wp-json\/wp\/v2\/comments?post=92"}],"version-history":[{"count":1,"href":"https:\/\/fcb-sesslach91.de\/index.php\/wp-json\/wp\/v2\/pages\/92\/revisions"}],"predecessor-version":[{"id":93,"href":"https:\/\/fcb-sesslach91.de\/index.php\/wp-json\/wp\/v2\/pages\/92\/revisions\/93"}],"wp:attachment":[{"href":"https:\/\/fcb-sesslach91.de\/index.php\/wp-json\/wp\/v2\/media?parent=92"}],"wp:term":[{"taxonomy":"category","embeddable":true,"href":"https:\/\/fcb-sesslach91.de\/index.php\/wp-json\/wp\/v2\/categories?post=92"},{"taxonomy":"post_tag","embeddable":true,"href":"https:\/\/fcb-sesslach91.de\/index.php\/wp-json\/wp\/v2\/tags?post=92"}],"curies":[{"name":"wp","href":"https:\/\/api.w.org\/{rel}","templated":true}]}}