{"id":94,"date":"2018-12-19T06:07:33","date_gmt":"2018-12-19T06:07:33","guid":{"rendered":"http:\/\/fcb-sesslach91.de\/?page_id=94"},"modified":"2025-12-26T11:49:32","modified_gmt":"2025-12-26T10:49:32","slug":"mitgliedsantrag","status":"publish","type":"page","link":"https:\/\/fcb-sesslach91.de\/index.php\/mitgliedsantrag\/","title":{"rendered":"Mitgliedsantrag"},"content":{"rendered":"<p>Du m\u00f6chtest bei uns im Fanclub Mitglied werden? Einfach PDF-Formular abspeichern, ausdrucken, ausf\u00fcllen und an <a href=\"mailto:fcbfanclub.sesslach91@freenet.de\">fcbfanclub.sesslach91@freenet.de<\/a>\u00a0senden oder per Post an FC Bayern-Fanclub &#8222;Se\u00dflach \u00b491&#8220;, Wolfgang R\u00f6\u00dfner, Karl-Franz-Str. 11, 96145 Se\u00dflach.<\/p>\n<p style=\"text-align: center;\"><a href=\"https:\/\/fcb-sesslach91.de\/wp-content\/uploads\/2024\/07\/Beitrittserklaerung.pdf\" class=\"pdfemb-viewer\" style=\"\" data-width=\"max\" data-height=\"max\" data-toolbar=\"bottom\" data-toolbar-fixed=\"on\">Beitrittserkl\u00e4rung<\/a><\/p>\n","protected":false},"excerpt":{"rendered":"<p>Du m\u00f6chtest bei uns im Fanclub Mitglied werden? Einfach PDF-Formular abspeichern, ausdrucken, ausf\u00fcllen und an fcbfanclub.sesslach91@freenet.de\u00a0senden oder per Post an FC Bayern-Fanclub &#8222;Se\u00dflach \u00b491&#8220;, Wolfgang R\u00f6\u00dfner, Karl-Franz-Str. 11, 96145 Se\u00dflach.<\/p>\n","protected":false},"author":1,"featured_media":0,"parent":0,"menu_order":0,"comment_status":"closed","ping_status":"closed","template":"","meta":{"footnotes":""},"categories":[],"tags":[],"class_list":["post-94","page","type-page","status-publish","hentry"],"_links":{"self":[{"href":"https:\/\/fcb-sesslach91.de\/index.php\/wp-json\/wp\/v2\/pages\/94"}],"collection":[{"href":"https:\/\/fcb-sesslach91.de\/index.php\/wp-json\/wp\/v2\/pages"}],"about":[{"href":"https:\/\/fcb-sesslach91.de\/index.php\/wp-json\/wp\/v2\/types\/page"}],"author":[{"embeddable":true,"href":"https:\/\/fcb-sesslach91.de\/index.php\/wp-json\/wp\/v2\/users\/1"}],"replies":[{"embeddable":true,"href":"https:\/\/fcb-sesslach91.de\/index.php\/wp-json\/wp\/v2\/comments?post=94"}],"version-history":[{"count":7,"href":"https:\/\/fcb-sesslach91.de\/index.php\/wp-json\/wp\/v2\/pages\/94\/revisions"}],"predecessor-version":[{"id":4636,"href":"https:\/\/fcb-sesslach91.de\/index.php\/wp-json\/wp\/v2\/pages\/94\/revisions\/4636"}],"wp:attachment":[{"href":"https:\/\/fcb-sesslach91.de\/index.php\/wp-json\/wp\/v2\/media?parent=94"}],"wp:term":[{"taxonomy":"category","embeddable":true,"href":"https:\/\/fcb-sesslach91.de\/index.php\/wp-json\/wp\/v2\/categories?post=94"},{"taxonomy":"post_tag","embeddable":true,"href":"https:\/\/fcb-sesslach91.de\/index.php\/wp-json\/wp\/v2\/tags?post=94"}],"curies":[{"name":"wp","href":"https:\/\/api.w.org\/{rel}","templated":true}]}}