{"id":97,"date":"2018-12-19T06:09:34","date_gmt":"2018-12-19T06:09:34","guid":{"rendered":"http:\/\/fcb-sesslach91.de\/index.php\/impressum\/"},"modified":"2019-05-21T15:35:22","modified_gmt":"2019-05-21T15:35:22","slug":"impressum","status":"publish","type":"page","link":"https:\/\/fcb-sesslach91.de\/index.php\/impressum\/","title":{"rendered":"Impressum \/ Kontakt"},"content":{"rendered":"<p>FC Bayern-Fanclub &#8222;Se\u00dflach \u00b491&#8220;<br \/>Vereinsvorstand: Wolfgang R\u00f6\u00dfner<br \/>Karl-Franz-Str. 11<br \/>96145 Sesslach<br \/>Deutschland<br \/>E-Mail-Adresse: <a href=\"mailto:fcbfanclub.sesslach91@freenet.de\">fcbfanclub.sesslach91@freenet.de<\/a><br \/>Telefonnummer: 0160\/94404131<br \/>Vereinsnummer: kein eingetragener Verein<\/p>\n<p>Verantwortlich f\u00fcr den Inhalt: Wolfgang R\u00f6\u00dfner<\/p>\n\n","protected":false},"excerpt":{"rendered":"","protected":false},"author":1,"featured_media":0,"parent":0,"menu_order":0,"comment_status":"closed","ping_status":"closed","template":"","meta":{"footnotes":""},"categories":[14],"tags":[],"class_list":["post-97","page","type-page","status-publish","hentry","category-datenschutz"],"_links":{"self":[{"href":"https:\/\/fcb-sesslach91.de\/index.php\/wp-json\/wp\/v2\/pages\/97"}],"collection":[{"href":"https:\/\/fcb-sesslach91.de\/index.php\/wp-json\/wp\/v2\/pages"}],"about":[{"href":"https:\/\/fcb-sesslach91.de\/index.php\/wp-json\/wp\/v2\/types\/page"}],"author":[{"embeddable":true,"href":"https:\/\/fcb-sesslach91.de\/index.php\/wp-json\/wp\/v2\/users\/1"}],"replies":[{"embeddable":true,"href":"https:\/\/fcb-sesslach91.de\/index.php\/wp-json\/wp\/v2\/comments?post=97"}],"version-history":[{"count":2,"href":"https:\/\/fcb-sesslach91.de\/index.php\/wp-json\/wp\/v2\/pages\/97\/revisions"}],"predecessor-version":[{"id":942,"href":"https:\/\/fcb-sesslach91.de\/index.php\/wp-json\/wp\/v2\/pages\/97\/revisions\/942"}],"wp:attachment":[{"href":"https:\/\/fcb-sesslach91.de\/index.php\/wp-json\/wp\/v2\/media?parent=97"}],"wp:term":[{"taxonomy":"category","embeddable":true,"href":"https:\/\/fcb-sesslach91.de\/index.php\/wp-json\/wp\/v2\/categories?post=97"},{"taxonomy":"post_tag","embeddable":true,"href":"https:\/\/fcb-sesslach91.de\/index.php\/wp-json\/wp\/v2\/tags?post=97"}],"curies":[{"name":"wp","href":"https:\/\/api.w.org\/{rel}","templated":true}]}}